{"id":718,"date":"2025-08-26T16:03:14","date_gmt":"2025-08-26T16:03:14","guid":{"rendered":"https:\/\/jalpademendez.gob.mx\/wp\/?page_id=718"},"modified":"2025-08-26T17:05:06","modified_gmt":"2025-08-26T17:05:06","slug":"geografia-de-jalpa-de-mendez","status":"publish","type":"page","link":"https:\/\/jalpademendez.gob.mx\/wp\/geografia-de-jalpa-de-mendez\/","title":{"rendered":"Geograf\u00eda de Jalpa de M\u00e9ndez"},"content":{"rendered":"\n<div class=\"wp-block-columns is-layout-flex wp-container-core-columns-is-layout-9d6595d7 wp-block-columns-is-layout-flex\">\n<div class=\"wp-block-column is-layout-flow wp-block-column-is-layout-flow\">\n<figure class=\"wp-block-gallery has-nested-images columns-default is-cropped wp-block-gallery-1 is-layout-flex wp-block-gallery-is-layout-flex\">\n<figure class=\"wp-block-image size-large\"><img loading=\"lazy\" decoding=\"async\" width=\"1024\" height=\"34\" data-id=\"749\" src=\"https:\/\/jalpademendez.gob.mx\/wp\/wp-content\/uploads\/2025\/08\/separadores-1024x34.png\" alt=\"\" class=\"wp-image-749\" srcset=\"https:\/\/jalpademendez.gob.mx\/wp\/wp-content\/uploads\/2025\/08\/separadores-1024x34.png 1024w, https:\/\/jalpademendez.gob.mx\/wp\/wp-content\/uploads\/2025\/08\/separadores-300x10.png 300w, https:\/\/jalpademendez.gob.mx\/wp\/wp-content\/uploads\/2025\/08\/separadores-768x26.png 768w, https:\/\/jalpademendez.gob.mx\/wp\/wp-content\/uploads\/2025\/08\/separadores.png 1201w\" sizes=\"auto, (max-width: 1024px) 100vw, 1024px\" \/><\/figure>\n<\/figure>\n<\/div>\n<\/div>\n\n\n\n<p>Jalpa de M\u00e9ndez&nbsp;es una ciudad, cabecera del&nbsp;municipio hom\u00f3nimo, en el estado mexicano de&nbsp;Tabasco. Se localiza a 29 km de la ciudad de&nbsp;Villahermosa, capital del estado. Es famosa por ser cuna del&nbsp;coronel&nbsp;Gregorio M\u00e9ndez Maga\u00f1a, un militar que particip\u00f3 en la&nbsp;Intervenci\u00f3n francesa en Tabasco, y que en su honor el municipio y la ciudad llevan su nombre.<\/p>\n\n\n\n<p>La importancia de esta ciudad en la \u00e9poca colonial, era tal, que fue nombrada capital del partido de la&nbsp;Chontalpa&nbsp;y durante muchos a\u00f1os fue una de las dos villas m\u00e1s importantes de la provincia colonial de Tabasco.<\/p>\n\n\n\n<h3 class=\"wp-block-heading\" id=\"Toponimia\">Localizaci\u00f3n<\/h3>\n\n\n\n<p>Ubicado en la regi\u00f3n del r\u00edo Grijalva en la zona de Chontalpa. Su cabecera municipal es la ciudad de Jalpa de M\u00e9ndez y cuenta con una divisi\u00f3n constituida, adem\u00e1s, por 22 ejidos, 35 rancher\u00edas, 6 poblados, 1 fraccionamiento, 4 colonias urbanas, 1 colonia rural, 6 congregaciones y 1 villa.<\/p>\n\n\n\n<p>El mapa de la Rep\u00fablica Mexicana se\u00f1ala que el municipio de Jalpa de M\u00e9ndez se localiza en la zona de Chontalpa en el estado de Tabasco. Se encuentra entre las coordenadas geogr\u00e1ficas 18\u00b0 25&#8242; latitud norte y entre 18\u00b0 04&#8242; longitud oeste. Tambi\u00e9n es importante saber que de acuerdo a sus l\u00edmites territoriales, Jalpa de M\u00e9ndez limita al norte con los municipios de Para\u00edso y Centla, al sur con Cunduac\u00e1n y Nacajuca, al este con Nacajuca y del lado oeste limita con los municipios de Comalcalco, Cunduac\u00e1n y Para\u00edso.<\/p>\n\n\n\n<figure class=\"wp-block-image size-large\"><img loading=\"lazy\" decoding=\"async\" width=\"1024\" height=\"576\" src=\"https:\/\/jalpademendez.gob.mx\/wp\/wp-content\/uploads\/2025\/08\/maxresdefault-1024x576.jpg\" alt=\"\" class=\"wp-image-755\" srcset=\"https:\/\/jalpademendez.gob.mx\/wp\/wp-content\/uploads\/2025\/08\/maxresdefault-1024x576.jpg 1024w, https:\/\/jalpademendez.gob.mx\/wp\/wp-content\/uploads\/2025\/08\/maxresdefault-300x169.jpg 300w, https:\/\/jalpademendez.gob.mx\/wp\/wp-content\/uploads\/2025\/08\/maxresdefault-768x432.jpg 768w, https:\/\/jalpademendez.gob.mx\/wp\/wp-content\/uploads\/2025\/08\/maxresdefault-350x196.jpg 350w, https:\/\/jalpademendez.gob.mx\/wp\/wp-content\/uploads\/2025\/08\/maxresdefault.jpg 1280w\" sizes=\"auto, (max-width: 1024px) 100vw, 1024px\" \/><\/figure>\n\n\n\n<p>El municipio de Jalpa de M\u00e9ndez est\u00e1 constituido por una superficie territorial total de unos 472.36 kil\u00f3metros cuadrados y tomando en cuenta las elevaciones que hay en dicho municipio, presenta una altitud promedio de 10 metros sobre el nivel del mar. Entre otra informaci\u00f3n, es preciso saber que el municipio de Jalpa de M\u00e9ndez no cuenta con escudo o glifo. En otros datos estad\u00edsticos, el INEGI inform\u00f3 que los resultados del conteo de poblaci\u00f3n llevado a cabo durante el 2010, fueron que el n\u00famero de poblaci\u00f3n que hay en el municipio de Jalpa de M\u00e9ndez es de 83,356.<\/p>\n\n\n\n<h3 class=\"wp-block-heading\">Hidrograf\u00eda<\/h3>\n\n\n\n<p>El municipio. recibe las aguas del r\u00edo Nacajuca, que sirve de l\u00edmite natural con el municipio de Cunduac\u00e1n y del r\u00edo El Naranjo, lim\u00edtrofe con el municipio de Nacajuca. En el Noroeste el r\u00edo Cucuxchapa es l\u00edmite con el municipio de Para\u00edso y el r\u00edo Chiquistero sirve de l\u00edmite con el municipio de Centla.<\/p>\n\n\n\n<p>Las lagunas m\u00e1s importantes son: Pompos\u00fa, El Eslab\u00f3n, La Negrita, San Agust\u00edn, El Provecho, La Tinaja y El Tronc\u00f3n.<\/p>\n\n\n\n<figure class=\"wp-block-image size-large\"><img loading=\"lazy\" decoding=\"async\" width=\"1024\" height=\"683\" src=\"https:\/\/jalpademendez.gob.mx\/wp\/wp-content\/uploads\/2025\/08\/Humedades-Pomposu-Juliva-en-Tabasco-1536x1024-1-1024x683.png\" alt=\"\" class=\"wp-image-752\" srcset=\"https:\/\/jalpademendez.gob.mx\/wp\/wp-content\/uploads\/2025\/08\/Humedades-Pomposu-Juliva-en-Tabasco-1536x1024-1-1024x683.png 1024w, https:\/\/jalpademendez.gob.mx\/wp\/wp-content\/uploads\/2025\/08\/Humedades-Pomposu-Juliva-en-Tabasco-1536x1024-1-300x200.png 300w, https:\/\/jalpademendez.gob.mx\/wp\/wp-content\/uploads\/2025\/08\/Humedades-Pomposu-Juliva-en-Tabasco-1536x1024-1-768x512.png 768w, https:\/\/jalpademendez.gob.mx\/wp\/wp-content\/uploads\/2025\/08\/Humedades-Pomposu-Juliva-en-Tabasco-1536x1024-1.png 1536w\" sizes=\"auto, (max-width: 1024px) 100vw, 1024px\" \/><\/figure>\n\n\n\n<h3 class=\"wp-block-heading\">Clima<\/h3>\n\n\n\n<p>El clima es c\u00e1lido h\u00famedo con cambios t\u00e9rmicos en los meses de noviembre y diciembre; se aprecia una temperatura media anual de 26.42\u00b0C , siendo la m\u00e1xima media mensual en junio de 30.5\u00b0C y la min. media mensual en diciembre-enero con 22.5\u00b0C.<\/p>\n\n\n\n<p>La humedad relativa promedio anual se estima en 82%, con m\u00e1xima de 86% en los meses de enero y febrero, la min. de 75% en el mes de mayo.<\/p>\n\n\n\n<p>Las mayores velocidades del viento se concentran en los meses de noviembre y diciembre, con velocidades que alcanzan los 32 kil\u00f3metros por hora, present\u00e1ndose en junio las menores con velocidad de 25 kil\u00f3metros por hora.<\/p>\n<div class=\"pvc_clear\"><\/div><p id=\"pvc_stats_718\" class=\"pvc_stats all  \" data-element-id=\"718\" style=\"\"><i class=\"pvc-stats-icon medium\" aria-hidden=\"true\"><svg aria-hidden=\"true\" focusable=\"false\" data-prefix=\"far\" data-icon=\"chart-bar\" role=\"img\" xmlns=\"http:\/\/www.w3.org\/2000\/svg\" viewBox=\"0 0 512 512\" class=\"svg-inline--fa fa-chart-bar fa-w-16 fa-2x\"><path fill=\"currentColor\" d=\"M396.8 352h22.4c6.4 0 12.8-6.4 12.8-12.8V108.8c0-6.4-6.4-12.8-12.8-12.8h-22.4c-6.4 0-12.8 6.4-12.8 12.8v230.4c0 6.4 6.4 12.8 12.8 12.8zm-192 0h22.4c6.4 0 12.8-6.4 12.8-12.8V140.8c0-6.4-6.4-12.8-12.8-12.8h-22.4c-6.4 0-12.8 6.4-12.8 12.8v198.4c0 6.4 6.4 12.8 12.8 12.8zm96 0h22.4c6.4 0 12.8-6.4 12.8-12.8V204.8c0-6.4-6.4-12.8-12.8-12.8h-22.4c-6.4 0-12.8 6.4-12.8 12.8v134.4c0 6.4 6.4 12.8 12.8 12.8zM496 400H48V80c0-8.84-7.16-16-16-16H16C7.16 64 0 71.16 0 80v336c0 17.67 14.33 32 32 32h464c8.84 0 16-7.16 16-16v-16c0-8.84-7.16-16-16-16zm-387.2-48h22.4c6.4 0 12.8-6.4 12.8-12.8v-70.4c0-6.4-6.4-12.8-12.8-12.8h-22.4c-6.4 0-12.8 6.4-12.8 12.8v70.4c0 6.4 6.4 12.8 12.8 12.8z\" class=\"\"><\/path><\/svg><\/i> <img loading=\"lazy\" decoding=\"async\" width=\"16\" height=\"16\" alt=\"Loading\" src=\"https:\/\/jalpademendez.gob.mx\/wp\/wp-content\/plugins\/page-views-count\/ajax-loader-2x.gif\" border=0 \/><\/p><div class=\"pvc_clear\"><\/div>","protected":false},"excerpt":{"rendered":"<p>Jalpa de M\u00e9ndez&nbsp;es una ciudad, cabecera del&nbsp;municipio hom\u00f3nimo, en el estado mexicano de&nbsp;Tabasco. Se localiza a 29 km de la ciudad de&nbsp;Villahermosa, capital del estado. Es famosa por ser cuna del&nbsp;coronel&nbsp;Gregorio M\u00e9ndez Maga\u00f1a, un militar que particip\u00f3 en la&nbsp;Intervenci\u00f3n francesa en Tabasco, y que en su honor el municipio y la ciudad llevan su nombre. La importancia de esta ciudad &hellip; <\/p>\n<div class=\"pvc_clear\"><\/div>\n<p id=\"pvc_stats_718\" class=\"pvc_stats all  \" data-element-id=\"718\" style=\"\"><i class=\"pvc-stats-icon medium\" aria-hidden=\"true\"><svg aria-hidden=\"true\" focusable=\"false\" data-prefix=\"far\" data-icon=\"chart-bar\" role=\"img\" xmlns=\"http:\/\/www.w3.org\/2000\/svg\" viewBox=\"0 0 512 512\" class=\"svg-inline--fa fa-chart-bar fa-w-16 fa-2x\"><path fill=\"currentColor\" d=\"M396.8 352h22.4c6.4 0 12.8-6.4 12.8-12.8V108.8c0-6.4-6.4-12.8-12.8-12.8h-22.4c-6.4 0-12.8 6.4-12.8 12.8v230.4c0 6.4 6.4 12.8 12.8 12.8zm-192 0h22.4c6.4 0 12.8-6.4 12.8-12.8V140.8c0-6.4-6.4-12.8-12.8-12.8h-22.4c-6.4 0-12.8 6.4-12.8 12.8v198.4c0 6.4 6.4 12.8 12.8 12.8zm96 0h22.4c6.4 0 12.8-6.4 12.8-12.8V204.8c0-6.4-6.4-12.8-12.8-12.8h-22.4c-6.4 0-12.8 6.4-12.8 12.8v134.4c0 6.4 6.4 12.8 12.8 12.8zM496 400H48V80c0-8.84-7.16-16-16-16H16C7.16 64 0 71.16 0 80v336c0 17.67 14.33 32 32 32h464c8.84 0 16-7.16 16-16v-16c0-8.84-7.16-16-16-16zm-387.2-48h22.4c6.4 0 12.8-6.4 12.8-12.8v-70.4c0-6.4-6.4-12.8-12.8-12.8h-22.4c-6.4 0-12.8 6.4-12.8 12.8v70.4c0 6.4 6.4 12.8 12.8 12.8z\" class=\"\"><\/path><\/svg><\/i> <img loading=\"lazy\" decoding=\"async\" width=\"16\" height=\"16\" alt=\"Loading\" src=\"https:\/\/jalpademendez.gob.mx\/wp\/wp-content\/plugins\/page-views-count\/ajax-loader-2x.gif\" border=0 \/><\/p>\n<div class=\"pvc_clear\"><\/div>\n","protected":false},"author":1,"featured_media":747,"parent":0,"menu_order":0,"comment_status":"closed","ping_status":"closed","template":"","meta":{"footnotes":""},"class_list":["post-718","page","type-page","status-publish","has-post-thumbnail","hentry"],"_links":{"self":[{"href":"https:\/\/jalpademendez.gob.mx\/wp\/wp-json\/wp\/v2\/pages\/718","targetHints":{"allow":["GET"]}}],"collection":[{"href":"https:\/\/jalpademendez.gob.mx\/wp\/wp-json\/wp\/v2\/pages"}],"about":[{"href":"https:\/\/jalpademendez.gob.mx\/wp\/wp-json\/wp\/v2\/types\/page"}],"author":[{"embeddable":true,"href":"https:\/\/jalpademendez.gob.mx\/wp\/wp-json\/wp\/v2\/users\/1"}],"replies":[{"embeddable":true,"href":"https:\/\/jalpademendez.gob.mx\/wp\/wp-json\/wp\/v2\/comments?post=718"}],"version-history":[{"count":13,"href":"https:\/\/jalpademendez.gob.mx\/wp\/wp-json\/wp\/v2\/pages\/718\/revisions"}],"predecessor-version":[{"id":756,"href":"https:\/\/jalpademendez.gob.mx\/wp\/wp-json\/wp\/v2\/pages\/718\/revisions\/756"}],"wp:featuredmedia":[{"embeddable":true,"href":"https:\/\/jalpademendez.gob.mx\/wp\/wp-json\/wp\/v2\/media\/747"}],"wp:attachment":[{"href":"https:\/\/jalpademendez.gob.mx\/wp\/wp-json\/wp\/v2\/media?parent=718"}],"curies":[{"name":"wp","href":"https:\/\/api.w.org\/{rel}","templated":true}]}}